{"id":176,"date":"2017-03-21T14:56:47","date_gmt":"2017-03-21T13:56:47","guid":{"rendered":"https:\/\/ldapcon.org\/2017\/?page_id=176"},"modified":"2017-04-13T12:04:37","modified_gmt":"2017-04-13T10:04:37","slug":"previous-conferences","status":"publish","type":"page","link":"https:\/\/ldapcon.org\/2017\/fr\/previous-conferences\/","title":{"rendered":"Conf\u00e9rences pr\u00e9c\u00e9dentes"},"content":{"rendered":"<div id=\"main-content\">\n<div id=\"content\">\n<div class=\"entry-content\">\n<ul>\n<li><a href=\"http:\/\/ldapcon.org\/2015\/\" target=\"_blank\">2015: 5th LDAPCon, \u00c9dimbourg<\/a><\/li>\n<li><a title=\"2013 conference\" href=\"http:\/\/ldapcon.org\/2013\/\">2013: 4th LDAPCon, Paris<\/a><\/li>\n<li><a title=\"2011 conference\" href=\"http:\/\/ldapcon.org\/2011\/\">2011: 3rd LDAPCon, Heidelberg<\/a><\/li>\n<li><a title=\"2009 conference\" href=\"http:\/\/www.flickr.com\/photos\/ludovic_p\/sets\/72157622350627369\/with\/3963094573\/\">2009: 2nd LDAPCon, Portland<\/a><\/li>\n<li><a title=\"2007 conference\" href=\"http:\/\/www.guug.de\/veranstaltungen\/ldapcon2007\/index.html\">2007: 1st LDAPCon, Cologne<\/a><\/li>\n<\/ul>\n<h2><span id=\"result_box\" class=\"short_text\" lang=\"fr\"><span class=\"\">Les pr\u00e9sentations de<\/span> <span class=\"\">conf\u00e9rences pass\u00e9es<\/span><\/span><\/h2>\n<ul>\n<li><a href=\"http:\/\/ldapcon.org\/2015\/?page_id=253\" target=\"_blank\">Les pr\u00e9sentations de la LDAPCon 2015\u00a0<\/a> sont disponibles \u00e0 partir de la page download<\/li>\n<li><a href=\"http:\/\/www.slideshare.net\/ldapcon\/presentations\">Les pr\u00e9sentation de la LDAPCon 2013\u00a0<\/a> sont disponibles sur slideshare.net<\/li>\n<li><a href=\"http:\/\/ldapcon.org\/2011\/index.php?site=program\">Les pr\u00e9sentations de la LDAPCon 2011\u00a0<\/a> <span id=\"result_box\" class=\"short_text\" lang=\"fr\"><span class=\"\">sont li\u00e9es<\/span> <span class=\"\">\u00e0 partir de la<\/span> <span class=\"\">page du programme<\/span><\/span><\/li>\n<\/ul>\n<\/div>\n<\/div>\n<\/div>\n","protected":false},"excerpt":{"rendered":"<p>2015: 5th LDAPCon, \u00c9dimbourg 2013: 4th LDAPCon, Paris 2011: 3rd LDAPCon, Heidelberg 2009: 2nd LDAPCon, Portland 2007: 1st LDAPCon, Cologne Les pr\u00e9sentations de conf\u00e9rences pass\u00e9es Les pr\u00e9sentations de la LDAPCon 2015\u00a0 sont disponibles \u00e0 partir [&hellip;]<\/p>\n","protected":false},"author":3,"featured_media":0,"parent":0,"menu_order":0,"comment_status":"closed","ping_status":"closed","template":"","meta":{"footnotes":""},"class_list":["post-176","page","type-page","status-publish","hentry"],"translation":{"provider":"WPGlobus","version":"3.0.2","language":"fr","enabled_languages":["en","fr","it"],"languages":{"en":{"title":true,"content":true,"excerpt":false},"fr":{"title":true,"content":true,"excerpt":false},"it":{"title":true,"content":true,"excerpt":false}}},"_links":{"self":[{"href":"https:\/\/ldapcon.org\/2017\/fr\/wp-json\/wp\/v2\/pages\/176","targetHints":{"allow":["GET"]}}],"collection":[{"href":"https:\/\/ldapcon.org\/2017\/fr\/wp-json\/wp\/v2\/pages"}],"about":[{"href":"https:\/\/ldapcon.org\/2017\/fr\/wp-json\/wp\/v2\/types\/page"}],"author":[{"embeddable":true,"href":"https:\/\/ldapcon.org\/2017\/fr\/wp-json\/wp\/v2\/users\/3"}],"replies":[{"embeddable":true,"href":"https:\/\/ldapcon.org\/2017\/fr\/wp-json\/wp\/v2\/comments?post=176"}],"version-history":[{"count":11,"href":"https:\/\/ldapcon.org\/2017\/fr\/wp-json\/wp\/v2\/pages\/176\/revisions"}],"predecessor-version":[{"id":520,"href":"https:\/\/ldapcon.org\/2017\/fr\/wp-json\/wp\/v2\/pages\/176\/revisions\/520"}],"wp:attachment":[{"href":"https:\/\/ldapcon.org\/2017\/fr\/wp-json\/wp\/v2\/media?parent=176"}],"curies":[{"name":"wp","href":"https:\/\/api.w.org\/{rel}","templated":true}]}}