{"id":211,"date":"2017-03-21T18:42:01","date_gmt":"2017-03-21T17:42:01","guid":{"rendered":"https:\/\/ldapcon.org\/2017\/?page_id=211"},"modified":"2017-08-09T13:57:03","modified_gmt":"2017-08-09T11:57:03","slug":"call-for-papers","status":"publish","type":"page","link":"https:\/\/ldapcon.org\/2017\/fr\/call-for-papers\/","title":{"rendered":"Call for Papers"},"content":{"rendered":"<p>Vous utilisez le LDAP dans des projets int\u00e9ressants? Vous faites du d\u00e9veloppement Client ou Serveur LDAP? Vous avez trouv\u00e9 une nouvelle mani\u00e8re d&#8217;utiliser le LDAP?<\/p>\n<p>Pourquoi ne pas partager vos id\u00e9es et exp\u00e9riences avec d&#8217;autres?<\/p>\n<p><span id=\"result_box\" class=\"\" lang=\"fr\"><span class=\"\">Nous recherchons des intervenants qui sont pr\u00eats \u00e0 parler de tout sujet li\u00e9 au LDAP et \u00e0 la gestion de l&#8217;identit\u00e9.<\/span> Voici les sujets propos\u00e9s:<\/span><\/p>\n<ul>\n<li><span id=\"result_box\" class=\"\" lang=\"fr\"><span class=\"\">Impl\u00e9mentation de la technologie LDAP (serveurs, API, interfaces utilisateur, etc.)<\/span><\/span><\/li>\n<li><span id=\"result_box\" class=\"\" lang=\"fr\"><span class=\"\">Utilisation de LDAP (sch\u00e9ma, s\u00e9curit\u00e9, op\u00e9rations, big data, etc.)<\/span><\/span><\/li>\n<li><span id=\"result_box\" class=\"short_text\" lang=\"fr\"><span class=\"\">Technologies LDAP (PKI, XACML, SAML, SCIM, OAuth2, OpenID Connect,\u00a0OTP etc.)<br \/>\n<\/span><\/span><\/li>\n<li>Au del\u00e0 du LDAP (IAM, Identity Federation, Clouds, Identit\u00e9 comme un Service, Internet of Things, <span id=\"result_box\" class=\"\" lang=\"fr\"><span class=\"\">Authentification sur le web,<\/span><\/span> Strong Authentication etc.)<\/li>\n<li><span id=\"result_box\" class=\"short_text\" lang=\"fr\"><span class=\"\">Meilleures pratiques pour les services d&#8217;annuaire.<\/span><\/span><\/li>\n<\/ul>\n<h2>Dates \u00e0 retenir<\/h2>\n<p>Date limite de soumission : \u00e9tendue au 30 juin<\/p>\n<p>Nofication des auteurs : 1 Ao\u00fbt<\/p>\n<p>Documents finaux dus : 29 septembre<\/p>\n<p>Conf\u00e9rence : 19-20 octobre 2017<\/p>\n<h2>Soumissions<\/h2>\n<p><span id=\"result_box\" class=\"\" lang=\"fr\"><span class=\"\">Les pr\u00e9sentations principales devraient durer environ 45 minutes, y compris la discussion;<\/span> <span class=\"\">Nous offrirons \u00e9galement des cr\u00e9neaux plus petits de 5 minutes pour des lightning talks \u00e9clair.<\/span> <span class=\"\">Dites-nous quelle dur\u00e9e vous pr\u00e9f\u00e9rez lorsque vous proposez votre expos\u00e9.<\/span> Le discours doit \u00eatre en anglais.<\/span><\/p>\n<p><span id=\"result_box\" class=\"\" lang=\"fr\"><span class=\"\">La seule et unique fa\u00e7on de soumettre votre r\u00e9sum\u00e9 (environ 200-800 mots, accompagn\u00e9 de votre biographie d&#8217;environ 100-300 mots) est <strong>termin\u00e9e.<\/strong><br \/>\n<\/span><\/span><\/p>\n<p><span id=\"result_box\" class=\"\" lang=\"fr\"><span class=\"\">Les r\u00e9sum\u00e9s doivent parvenir au Comit\u00e9 du Programme avant le 28 mai 2017. La soumission anticip\u00e9e est encourag\u00e9e.<\/span><\/span><\/p>\n<p>Tous les r\u00e9sum\u00e9s seront e<span id=\"result_box\" class=\"\" lang=\"fr\"><span class=\"\">xamin\u00e9s par le comit\u00e9 du programme.<\/span><\/span><\/p>\n<p><span id=\"result_box\" class=\"\" lang=\"fr\"><span class=\"\">Pour une pr\u00e9sentation de 5 minutes, un bref r\u00e9sum\u00e9 est requis.<\/span> <span class=\"\">Un court document, des slides ou une affiche devraient \u00eatre fournis pour les pr\u00e9sentations accept\u00e9es.<\/span> <span class=\"\">Nous fournirons des panneaux d&#8217;affichage pour les affiches tout au long de la conf\u00e9rence.<\/span><\/span><\/p>\n<h2><\/h2>\n","protected":false},"excerpt":{"rendered":"<p>Vous utilisez le LDAP dans des projets int\u00e9ressants? Vous faites du d\u00e9veloppement Client ou Serveur LDAP? Vous avez trouv\u00e9 une nouvelle mani\u00e8re d&#8217;utiliser le LDAP? Pourquoi ne pas partager vos id\u00e9es et exp\u00e9riences avec d&#8217;autres? [&hellip;]<\/p>\n","protected":false},"author":3,"featured_media":0,"parent":0,"menu_order":0,"comment_status":"closed","ping_status":"closed","template":"","meta":{"footnotes":""},"class_list":["post-211","page","type-page","status-publish","hentry"],"translation":{"provider":"WPGlobus","version":"3.0.2","language":"fr","enabled_languages":["en","fr","it"],"languages":{"en":{"title":true,"content":true,"excerpt":false},"fr":{"title":true,"content":true,"excerpt":false},"it":{"title":true,"content":true,"excerpt":false}}},"_links":{"self":[{"href":"https:\/\/ldapcon.org\/2017\/fr\/wp-json\/wp\/v2\/pages\/211","targetHints":{"allow":["GET"]}}],"collection":[{"href":"https:\/\/ldapcon.org\/2017\/fr\/wp-json\/wp\/v2\/pages"}],"about":[{"href":"https:\/\/ldapcon.org\/2017\/fr\/wp-json\/wp\/v2\/types\/page"}],"author":[{"embeddable":true,"href":"https:\/\/ldapcon.org\/2017\/fr\/wp-json\/wp\/v2\/users\/3"}],"replies":[{"embeddable":true,"href":"https:\/\/ldapcon.org\/2017\/fr\/wp-json\/wp\/v2\/comments?post=211"}],"version-history":[{"count":44,"href":"https:\/\/ldapcon.org\/2017\/fr\/wp-json\/wp\/v2\/pages\/211\/revisions"}],"predecessor-version":[{"id":815,"href":"https:\/\/ldapcon.org\/2017\/fr\/wp-json\/wp\/v2\/pages\/211\/revisions\/815"}],"wp:attachment":[{"href":"https:\/\/ldapcon.org\/2017\/fr\/wp-json\/wp\/v2\/media?parent=211"}],"curies":[{"name":"wp","href":"https:\/\/api.w.org\/{rel}","templated":true}]}}