{"id":338,"date":"2017-04-03T16:22:43","date_gmt":"2017-04-03T14:22:43","guid":{"rendered":"https:\/\/ldapcon.org\/2017\/?page_id=338"},"modified":"2017-10-13T10:31:51","modified_gmt":"2017-10-13T08:31:51","slug":"home-page","status":"publish","type":"page","link":"https:\/\/ldapcon.org\/2017\/fr\/","title":{"rendered":"LDAPCon 2017"},"content":{"rendered":"<h3>Bienvenu \u00e0 l&#8217;\u00e9dition 2017 de la LDAPCON!<\/h3>\n<p>On attendait tous la tomb\u00e9e de la nouvelle: l<span id=\"result_box\" class=\"\" lang=\"fr\"><span class=\"\">a 6e Conf\u00e9rence sur le LDAP, les Annuaires et la Gestion des Identit\u00e9s<\/span><\/span> aura lieu \u00e0 Bruxelles, Belgique, le <strong>19 et 20 octobre 2017<\/strong><\/p>\n<p>Bienvenue en Belgique! Pays des frites, du chocolat, des gaufres et de la bi\u00e8re, bien s\u00fbr<\/p>\n<p><span id=\"result_box\" class=\"\" lang=\"fr\"><span class=\"\">Les sujets d&#8217;int\u00e9r\u00eat comprendront la conception du service, le sch\u00e9ma LDAP, les am\u00e9liorations de protocole, la technologie du serveur et la programmation client.<\/span><\/span><\/p>\n<p><span id=\"result_box\" class=\"\" lang=\"fr\"><span class=\"\">Il y aura de nombreuses occasions de rencontrer d&#8217;autres sp\u00e9cialistes LDAP, y compris les personnalit\u00e9s centrales des \u00e9quipes de d\u00e9veloppement de nombreux produits serveurs bien connus.<\/span><\/span><\/p>\n<p>Les <a href=\"https:\/\/ldapcon.org\/2017\/fr\/prices-and-booking2\/\" target=\"_blank\" rel=\"noopener\">r\u00e9servations<\/a> sont ouvertes. Il existe \u00e9galement des\u00a0 <a href=\"https:\/\/ldapcon.org\/2017\/sponsorship-packages\/\">possibilit\u00e9s de parrainage commercial<\/a> qui pourront int\u00e9resser les entreprises <span id=\"result_box\" class=\"\" lang=\"fr\"><span class=\"\">travaillant dans des domaines connexes.<\/span><\/span><\/p>\n<p>Cette ann\u00e9e, l&#8217;\u00e9v\u00e9nement sera organis\u00e9 par Benoit et Paola d&#8217;<a href=\"https:\/\/www.opensides.be\/\" target=\"_blank\" rel=\"noopener noreferrer\">Opensides<\/a>, le sp\u00e9cialiste Belge du LDAP.<\/p>\n<h3>Sponsors<\/h3>\n<p><strong>Platinum<\/strong><\/p>\n<p><img loading=\"lazy\" decoding=\"async\" class=\"alignnone size-medium wp-image-1095\" src=\"https:\/\/ldapcon.org\/2017\/wp-content\/uploads\/2017\/04\/Logo-Opensides_150.png\" alt=\"\" width=\"150\" height=\"64\" \/> <img loading=\"lazy\" decoding=\"async\" class=\"alignnone size-full wp-image-1097\" src=\"https:\/\/ldapcon.org\/2017\/wp-content\/uploads\/2017\/04\/Symas-Logo-150.jpg\" alt=\"\" width=\"150\" height=\"75\" \/><\/p>\n<p><strong>Silver<\/strong><\/p>\n<p><img loading=\"lazy\" decoding=\"async\" class=\"alignnone size-full wp-image-1098\" src=\"https:\/\/ldapcon.org\/2017\/wp-content\/uploads\/2017\/04\/daasi_logo_normal_100.png\" alt=\"\" width=\"100\" height=\"45\" \/> <img loading=\"lazy\" decoding=\"async\" class=\"alignnone size-full wp-image-1099\" src=\"https:\/\/ldapcon.org\/2017\/wp-content\/uploads\/2017\/04\/logo-sfl-coul-rgb-72dpi-1_150-1.png\" alt=\"\" width=\"100\" height=\"29\" \/><img loading=\"lazy\" decoding=\"async\" class=\"alignnone size-full wp-image-1100\" src=\"https:\/\/ldapcon.org\/2017\/wp-content\/uploads\/2017\/04\/suretec_logo_100.jpg\" alt=\"\" width=\"100\" height=\"45\" \/> <img loading=\"lazy\" decoding=\"async\" class=\"alignnone size-full wp-image-1101\" src=\"https:\/\/ldapcon.org\/2017\/wp-content\/uploads\/2017\/04\/Surevoip-Logo_100.png\" alt=\"\" width=\"100\" height=\"32\" \/> <img loading=\"lazy\" decoding=\"async\" class=\"alignnone size-full wp-image-1102\" src=\"https:\/\/ldapcon.org\/2017\/wp-content\/uploads\/2017\/04\/osstech-logo-m_100.png\" alt=\"\" width=\"100\" height=\"17\" \/> <img loading=\"lazy\" decoding=\"async\" class=\"alignnone size-full wp-image-1103\" src=\"https:\/\/ldapcon.org\/2017\/wp-content\/uploads\/2017\/04\/logo2_100.jpg\" alt=\"\" width=\"100\" height=\"39\" \/> <img loading=\"lazy\" decoding=\"async\" class=\"alignnone size-full wp-image-1104\" src=\"https:\/\/ldapcon.org\/2017\/wp-content\/uploads\/2017\/04\/univention-logo_100.jpg\" alt=\"\" width=\"100\" height=\"25\" \/> <img loading=\"lazy\" decoding=\"async\" class=\"alignnone size-full wp-image-1105\" src=\"https:\/\/ldapcon.org\/2017\/wp-content\/uploads\/2017\/04\/Logo_100.png\" alt=\"\" width=\"100\" height=\"100\" \/> <img loading=\"lazy\" decoding=\"async\" class=\"alignnone size-full wp-image-1131\" src=\"https:\/\/ldapcon.org\/2017\/wp-content\/uploads\/2017\/04\/DSMentoring-Co.-Ltd.-LOGO.jpg\" alt=\"\" width=\"100\" height=\"46\" \/><\/p>\n<p><strong>Media Sponsors<\/strong><\/p>\n<p><img loading=\"lazy\" decoding=\"async\" class=\"alignnone size-full wp-image-1107\" src=\"https:\/\/ldapcon.org\/2017\/wp-content\/uploads\/2017\/04\/sal_100.png\" alt=\"\" width=\"100\" height=\"36\" \/>\u00a0<img loading=\"lazy\" decoding=\"async\" class=\"alignnone size-full wp-image-1109\" src=\"https:\/\/ldapcon.org\/2017\/wp-content\/uploads\/2017\/04\/DCloudNews_logo-1.jpg\" alt=\"\" width=\"100\" height=\"100\" \/>\u00a0<img loading=\"lazy\" decoding=\"async\" class=\"alignnone size-full wp-image-1110\" src=\"https:\/\/ldapcon.org\/2017\/wp-content\/uploads\/2017\/04\/logo_toolinux-2_100.png\" alt=\"\" width=\"100\" height=\"24\" \/>\u00a0<img loading=\"lazy\" decoding=\"async\" class=\"alignnone size-full wp-image-1111\" src=\"https:\/\/ldapcon.org\/2017\/wp-content\/uploads\/2017\/04\/Admin_logo_Transparent_100.png\" alt=\"\" width=\"100\" height=\"35\" \/> <img loading=\"lazy\" decoding=\"async\" class=\"alignnone size-full wp-image-1112\" src=\"https:\/\/ldapcon.org\/2017\/wp-content\/uploads\/2017\/04\/LMI_Logo_Transparent_100.png\" alt=\"\" width=\"100\" height=\"43\" \/> <img loading=\"lazy\" decoding=\"async\" class=\"alignnone size-full wp-image-1113\" src=\"https:\/\/ldapcon.org\/2017\/wp-content\/uploads\/2017\/04\/logo_cloudmag2014_web-100.png\" alt=\"\" width=\"100\" height=\"25\" \/> <img loading=\"lazy\" decoding=\"async\" class=\"alignnone size-full wp-image-1114\" src=\"https:\/\/ldapcon.org\/2017\/wp-content\/uploads\/2017\/04\/logo-Programmez_100.png\" alt=\"\" width=\"100\" height=\"22\" \/> <img loading=\"lazy\" decoding=\"async\" class=\"alignnone size-full wp-image-1115\" src=\"https:\/\/ldapcon.org\/2017\/wp-content\/uploads\/2017\/04\/zdnet_font_clair_100.png\" alt=\"\" width=\"100\" height=\"100\" \/><\/p>\n<p>&nbsp;<\/p>\n","protected":false},"excerpt":{"rendered":"<p>Bienvenu \u00e0 l&#8217;\u00e9dition 2017 de la LDAPCON! On attendait tous la tomb\u00e9e de la nouvelle: la 6e Conf\u00e9rence sur le LDAP, les Annuaires et la Gestion des Identit\u00e9s aura lieu \u00e0 Bruxelles, Belgique, le 19 [&hellip;]<\/p>\n","protected":false},"author":3,"featured_media":0,"parent":0,"menu_order":0,"comment_status":"closed","ping_status":"closed","template":"","meta":{"footnotes":""},"class_list":["post-338","page","type-page","status-publish","hentry"],"translation":{"provider":"WPGlobus","version":"3.0.2","language":"fr","enabled_languages":["en","fr","it"],"languages":{"en":{"title":true,"content":true,"excerpt":false},"fr":{"title":true,"content":true,"excerpt":false},"it":{"title":true,"content":true,"excerpt":false}}},"_links":{"self":[{"href":"https:\/\/ldapcon.org\/2017\/fr\/wp-json\/wp\/v2\/pages\/338","targetHints":{"allow":["GET"]}}],"collection":[{"href":"https:\/\/ldapcon.org\/2017\/fr\/wp-json\/wp\/v2\/pages"}],"about":[{"href":"https:\/\/ldapcon.org\/2017\/fr\/wp-json\/wp\/v2\/types\/page"}],"author":[{"embeddable":true,"href":"https:\/\/ldapcon.org\/2017\/fr\/wp-json\/wp\/v2\/users\/3"}],"replies":[{"embeddable":true,"href":"https:\/\/ldapcon.org\/2017\/fr\/wp-json\/wp\/v2\/comments?post=338"}],"version-history":[{"count":60,"href":"https:\/\/ldapcon.org\/2017\/fr\/wp-json\/wp\/v2\/pages\/338\/revisions"}],"predecessor-version":[{"id":1130,"href":"https:\/\/ldapcon.org\/2017\/fr\/wp-json\/wp\/v2\/pages\/338\/revisions\/1130"}],"wp:attachment":[{"href":"https:\/\/ldapcon.org\/2017\/fr\/wp-json\/wp\/v2\/media?parent=338"}],"curies":[{"name":"wp","href":"https:\/\/api.w.org\/{rel}","templated":true}]}}