{"id":36,"date":"2017-03-15T16:16:28","date_gmt":"2017-03-15T15:16:28","guid":{"rendered":"http:\/\/ldapcon.org\/2017\/?page_id=36"},"modified":"2017-09-22T18:09:08","modified_gmt":"2017-09-22T16:09:08","slug":"venue-and-travel","status":"publish","type":"page","link":"https:\/\/ldapcon.org\/2017\/fr\/venue-and-travel\/","title":{"rendered":"Infos pratiques"},"content":{"rendered":"<p><strong>LIEU<\/strong><\/p>\n<p>La LDAPCON 2017 aura lieu \u00e0 Bruxelles, Belgique,\u00a0 le <strong>jeudi 19 octobre et vendredi 20 octobre 2017<\/strong> au :<\/p>\n<p><a href=\"http:\/\/mundo-b.be\/\" target=\"_blank\" rel=\"noopener\">Mundo-b<\/a><\/p>\n<p><a href=\"https:\/\/www.google.fr\/maps\/place\/Rue+d'Edimbourg+26,+1050+Ixelles,+Belgique\/@50.8378953,4.3621334,17z\/data=!3m1!4b1!4m5!3m4!1s0x47c3c485eef9f987:0x1ffea96b0a4ddd4f!8m2!3d50.8378953!4d4.3643221\" target=\"_blank\" rel=\"noopener\">Rue d&#8217;Edimbourg 26,\u00a0 1050 Brussels, Belgium<\/a><\/p>\n<p>Le WiFi sera disponible.<\/p>\n<p>Le Mundo-b est bien situ\u00e9, \u00e0 proximit\u00e9 des transports publics:<\/p>\n<p>M\u00e9tro ligne 2 et 6, arr\u00eat &#8220;Porte de Namur&#8221;<\/p>\n<p>Bus 54 et 71,\u00a0 arr\u00eat &#8220;Matonge-Porte de Namur&#8221;<\/p>\n<p><em><strong><a href=\"http:\/\/www.stib-mivb.be\/irj\/go\/km\/docs\/resource\/Plan_tiny\/index.html\" target=\"_blank\" rel=\"noopener\">Plan des transports en commun de Bruxelles<\/a><\/strong><\/em><\/p>\n<p><strong>VOYAGE<br \/>\n<\/strong><\/p>\n<p><strong>Par avion<br \/>\n<\/strong><\/p>\n<p lang=\"fr-FR\" align=\"left\"><strong><em><a href=\"http:\/\/www.easyjet.com\/be-fr\" target=\"_blank\" rel=\"noopener\">Easyjet<\/a><\/em><\/strong> et <strong><em><a href=\"https:\/\/www.brusselsairlines.com\/fr-be\/\" target=\"_blank\" rel=\"noopener\">Brussels Airlines<\/a><\/em><\/strong> desservent l\u2019a\u00e9roport de Bruxelles Zaventem, qui se situe \u00e0 une vingtaine de minutes de train de la gare de Bruxelles Central et Bruxelles Midi.<\/p>\n<p lang=\"fr-FR\" align=\"left\">La ligne de train qui vous am\u00e8ne a Bruxelles n\u00e9cessite l\u2019achat d\u2019un billet normal + un redevance sp\u00e9ciale appel\u00e9e Diabolo, toute les informations sont sur cette <a href=\"http:\/\/www.belgianrail.be\/fr\/titres-de-transport\/billets\/billet-stand-alone.aspx\" target=\"_blank\" rel=\"noopener\">page<\/a><\/p>\n<p>La gare se trouve au niveau -1 de l\u2019a\u00e9roport. Lorsque vous y arrivez gardez le billet de train + votre redevance Diabolo \u00e0 port\u00e9e de main. Vous devrez la scanner aux portiques automatiques.<\/p>\n<p>Si vous arrivez en avion, vous pouvez prendre le train de l&#8217;a\u00e9roport de Zaventem jusqu&#8217;\u00e0 la Gare Centrale et ensuite vous prenez le bus 71 en direction Baulieu et descendre \u00e0\u00a0 Matonge-Porte de Namur.<\/p>\n<p><strong>En train<br \/>\n<\/strong><\/p>\n<p>Le <strong><em><a href=\"http:\/\/www.sncf.com\/\" target=\"_blank\" rel=\"noopener\">TGV<\/a><\/em><\/strong> et le <strong><em><a href=\"https:\/\/www.thalys.com\/fr\/en\/\" target=\"_blank\" rel=\"noopener\">Thalys<\/a><\/em><\/strong> sont les moyens les plus rapides pour rejoindre Bruxelles depuis la pluspart des Pays d&#8217;Europe et ils desservent tous les deux la gare de \u00a0\u00a0 Bruxelles Midi.<\/p>\n<p>Vous pouvez atteindre facilement Mundo-b depuis la Gare du Midi en prenant le m\u00e9tro, ligne 2 ou 6 en direction Elisabeth et descendre \u00e0 l&#8217;arr\u00eat Porte de Namur (15 minutes environt).<\/p>\n<p><strong>H\u00d4TELS<br \/>\n<\/strong><\/p>\n<p><a href=\"https:\/\/www.roccofortehotels.com\/hotels-and-resorts\/hotel-amigo\/?utm_source=google&amp;utm_medium=local&amp;utm_campaign=hotel_amigo\" target=\"_blank\" rel=\"noopener\"><em>H\u00f4tel Amigo<\/em><\/a>, rue de l&#8217;Amigo 3, 1000 Bruxelles<\/p>\n<p>Nous avons n\u00e9goci\u00e9 un tarif pr\u00e9f\u00e9rentiel dans cet h\u00f4tel, o\u00f9 aura lieu le d\u00eener de gala.<\/p>\n<p>Il faut juste noter qu&#8217;il y a une condition sp\u00e9ciale d&#8217;un minimum de deux nuits.<\/p>\n<div>Le lien \u00e0 suivre est le suivant:<\/div>\n<div><\/div>\n<div><a href=\"https:\/\/gc.synxis.com\/rez.aspx?Chain=18067&amp;shell=RBE2&amp;ismobile=false&amp;_ga=2.260412109.1912733388.1505986736-207117090.1473317482\">https:\/\/gc.synxis.com\/rez.aspx?Chain=18067&amp;shell=RBE2&amp;ismobile=false&amp;_ga=2.260412109.1912733388.1505986736-207117090.1473317482<\/a><\/div>\n<div><\/div>\n<div>Avec ce lien, on arrive directement sur une page ou le Promotion Code &#8220;OPEN191017&#8221; est d\u00e9j\u00e0 entr\u00e9.<\/div>\n<div><\/div>\n<div>Il suffit alors de choisir la date et valider.<\/div>\n<div><\/div>\n<p lang=\"fr-FR\" align=\"left\"><strong><em><a href=\"http:\/\/www.adagio-city.com\/fr\/hotel-7242-aparthotel-adagio-brussels-centre-monnaie\/index.shtml\" target=\"_blank\" rel=\"noopener\">ADAGIO AppartHotels Centre Monnaie<\/a><\/em><\/strong>, 20, boulevard Anspach, 1000 Bruxelles<\/p>\n<p lang=\"fr-FR\" align=\"left\">Cet appart-h\u00f4tel se situe aux pieds du m\u00e9tro De Brouck\u00e8re (terminus du bus 71)<\/p>\n<p lang=\"fr-FR\" align=\"left\"><strong><em><a href=\"http:\/\/www.ibis.com\/fr\/hotel-1046-ibis-brussels-off-grand-place\/index.shtml\" target=\"_blank\" rel=\"noopener\">IBIS Grande Place<\/a><\/em><\/strong>, Rue du March\u00e9 aux Herbes 100, 1000 Bruxelles<\/p>\n<p>Cet h\u00f4tel de situe \u00e0 trois minutes \u00e0 pieds de la Grande Place, \u00e0 c\u00f4t\u00e9 des Galeries de la Reine et du Roi. Id\u00e9al pour les petits budgets, tr\u00e8s bien situ\u00e9, confortable.<\/p>\n<p lang=\"fr-FR\" align=\"left\"><strong><em><a href=\"http:\/\/www.novotel.com\/fr\/hotel-1030-novotel-brussels-off-grand-place\/index.shtml\" target=\"_blank\" rel=\"noopener\">Novotel Grande Place<\/a><\/em><\/strong>, Rue du March\u00e9 aux Herbes 120, 1000 Bruxelles<\/p>\n<p lang=\"fr-FR\" align=\"left\">Cet h\u00f4tel se situe juste \u00e0 c\u00f4t\u00e9 de l\u2019Ibis Grande Place. Un peu plus cher que l\u2019Ibis.<\/p>\n<p lang=\"fr-FR\" align=\"left\"><strong><em><a href=\"http:\/\/www.ibis.com\/fr\/hotel-1454-ibis-brussels-centre-st-catherine\/index.shtml\" target=\"_blank\" rel=\"noopener\">IBIS Sainte-Catherine<\/a><\/em><\/strong>, Rue Joseph Plateau 2, 1000 Bruxelles<\/p>\n<p lang=\"fr-FR\" align=\"left\">Cet h\u00f4tel se situe \u00e0 quelques minutes \u00e0 pieds de la station De Bruck\u00e8re (terminus du bus 71)<\/p>\n<p lang=\"fr-FR\" align=\"left\"><strong><em><a href=\"http:\/\/www.novotel.com\/fr\/hotel-2122-novotel-brussels-centre-tour-noire\/index.shtml\" target=\"_blank\" rel=\"noopener\">NOVOTEL Tour Noire<\/a><\/em><\/strong>, Rue de la Vierge Noire 32, 1000 Bruxelles<\/p>\n<p lang=\"fr-FR\" align=\"left\">Cet h\u00f4tel se situe \u00e0 quelques minutes \u00e0 pieds de la station De Bruck\u00e8re (terminus du bus 71)<\/p>\n<p lang=\"fr-FR\" align=\"left\"><strong><em><a href=\"http:\/\/www.thehotel-brussels.be\/en\/home.html?utm_source=google&amp;utm_medium=Google+Local&amp;utm_campaign=Google+Local\" target=\"_blank\" rel=\"noopener\">The Hotel<\/a> <\/em><\/strong>Boulevard de Waterloo 38, 1000 BRUSSELS.<\/p>\n<p lang=\"fr-FR\" align=\"left\">Cet h\u00f4tel se situe \u00e0 quelques minutes \u00e0 pieds de la Porte de Namur, donc \u00e0 proximit\u00e9 du lieu de l&#8217;\u00e9v\u00e9nement.<\/p>\n","protected":false},"excerpt":{"rendered":"<p>LIEU La LDAPCON 2017 aura lieu \u00e0 Bruxelles, Belgique,\u00a0 le jeudi 19 octobre et vendredi 20 octobre 2017 au : Mundo-b Rue d&#8217;Edimbourg 26,\u00a0 1050 Brussels, Belgium Le WiFi sera disponible. Le Mundo-b est bien [&hellip;]<\/p>\n","protected":false},"author":3,"featured_media":0,"parent":0,"menu_order":0,"comment_status":"closed","ping_status":"closed","template":"","meta":{"footnotes":""},"class_list":["post-36","page","type-page","status-publish","hentry"],"translation":{"provider":"WPGlobus","version":"3.0.2","language":"fr","enabled_languages":["en","fr","it"],"languages":{"en":{"title":true,"content":true,"excerpt":false},"fr":{"title":true,"content":true,"excerpt":false},"it":{"title":true,"content":true,"excerpt":false}}},"_links":{"self":[{"href":"https:\/\/ldapcon.org\/2017\/fr\/wp-json\/wp\/v2\/pages\/36","targetHints":{"allow":["GET"]}}],"collection":[{"href":"https:\/\/ldapcon.org\/2017\/fr\/wp-json\/wp\/v2\/pages"}],"about":[{"href":"https:\/\/ldapcon.org\/2017\/fr\/wp-json\/wp\/v2\/types\/page"}],"author":[{"embeddable":true,"href":"https:\/\/ldapcon.org\/2017\/fr\/wp-json\/wp\/v2\/users\/3"}],"replies":[{"embeddable":true,"href":"https:\/\/ldapcon.org\/2017\/fr\/wp-json\/wp\/v2\/comments?post=36"}],"version-history":[{"count":34,"href":"https:\/\/ldapcon.org\/2017\/fr\/wp-json\/wp\/v2\/pages\/36\/revisions"}],"predecessor-version":[{"id":1081,"href":"https:\/\/ldapcon.org\/2017\/fr\/wp-json\/wp\/v2\/pages\/36\/revisions\/1081"}],"wp:attachment":[{"href":"https:\/\/ldapcon.org\/2017\/fr\/wp-json\/wp\/v2\/media?parent=36"}],"curies":[{"name":"wp","href":"https:\/\/api.w.org\/{rel}","templated":true}]}}