{"id":76,"date":"2017-03-16T15:01:33","date_gmt":"2017-03-16T14:01:33","guid":{"rendered":"http:\/\/ldapcon.org\/2017\/?page_id=76"},"modified":"2017-04-05T11:45:41","modified_gmt":"2017-04-05T09:45:41","slug":"sponsorship-packages","status":"publish","type":"page","link":"https:\/\/ldapcon.org\/2017\/fr\/sponsorship-packages\/","title":{"rendered":"Packages de sponsoring"},"content":{"rendered":"<p>Devenez sponsor et montrez votre engagement envers le LDAP!<\/p>\n<p><strong>Silver<\/strong><\/p>\n<ul>\n<li>600 euros + TVA<\/li>\n<li>Logo sur le site web (page des sponsors)<\/li>\n<li>Logo sur tous les supports de communication<\/li>\n<li><span id=\"result_box\" class=\"short_text\" lang=\"fr\"><span class=\"\">1 tableau d&#8217;affichage pour affiches commerciales<\/span><\/span><\/li>\n<li><span id=\"result_box\" class=\"short_text\" lang=\"fr\"><span class=\"\">2 billets d&#8217;entr\u00e9e gratuits<\/span><\/span><\/li>\n<\/ul>\n<p><strong>Gold<\/strong><\/p>\n<ul>\n<li>1200 euros + TVA<\/li>\n<li>Logo sur le site web (page des sponsors)<\/li>\n<li>Logo sur tous les supports de communication<\/li>\n<li>2 <span id=\"result_box\" class=\"short_text\" lang=\"fr\"><span class=\"\">tableaux d&#8217;affichage pour affiches commerciales<\/span><\/span><\/li>\n<li>4 <span id=\"result_box\" class=\"short_text\" lang=\"fr\"><span class=\"\">billets d&#8217;entr\u00e9e gratuits<\/span><\/span><\/li>\n<li><span id=\"result_box\" class=\"\" lang=\"fr\"><span class=\"\">Table dans la salle de conf\u00e9rence pour les offres commerciales, offres d&#8217;emploi, d\u00e9mos, etc.<\/span><\/span><\/li>\n<\/ul>\n<p><strong>Platinum<\/strong><\/p>\n<ul>\n<li>2400 euros + TVA<\/li>\n<li>Logo sur le site web (page des sponsors)<\/li>\n<li>Logo sur tous les supports de communication<\/li>\n<li>4 <span id=\"result_box\" class=\"short_text\" lang=\"fr\"><span class=\"\">tableaux d&#8217;affichage pour affiches commerciales<\/span><\/span><\/li>\n<li>6 <span id=\"result_box\" class=\"short_text\" lang=\"fr\"><span class=\"\">billets d&#8217;entr\u00e9e gratuits<\/span><\/span><\/li>\n<li><span id=\"result_box\" class=\"\" lang=\"fr\"><span class=\"\">Table dans la salle de conf\u00e9rence pour les offres commerciales, offres d&#8217;emploi, d\u00e9mos, etc.<\/span><\/span><\/li>\n<li><span id=\"result_box\" class=\"\" lang=\"fr\"><span class=\"\">Une prise de parole de 2 minutes pendant la keynote d&#8217;ouverture<\/span><\/span><\/li>\n<\/ul>\n<p><span id=\"result_box\" class=\"\" lang=\"fr\"><span class=\"\">Dans tous les cas, l&#8217;imp\u00f4t belge (TVA) sera factur\u00e9 \u00e0 21% en sus des prix ci-dessus.<\/span> <span class=\"\">Les entit\u00e9s enregistr\u00e9es dans la TVA dans les pays de l&#8217;UE peuvent les r\u00e9cup\u00e9rer aupr\u00e8s de leur administration fiscale locale.<\/span><\/span><\/p>\n<p><strong>Comment devenir Sponsor<\/strong><\/p>\n<ol>\n<li><span id=\"result_box\" class=\"\" lang=\"fr\"><span class=\"\">Choisissez un niveau de parrainage dans la liste ci-dessus<\/span><\/span><\/li>\n<li><span id=\"result_box\" class=\"\" lang=\"fr\"><span class=\"\">Envoyez un e-mail \u00e0 paola.penati@opensides.be avec cette information:<\/span><br \/>\n&#8211; <span class=\"\">Niveau de parrainage: Platinum, Gold ou Silver<\/span><\/span><br \/>\n&#8211; N<span id=\"result_box\" class=\"short_text\" lang=\"fr\"><span class=\"\">om de l&#8217;entreprise et adresse de facturation<\/span><\/span><br \/>\n&#8211; Num\u00e9ro de TVA si vous en avez un<br \/>\n&#8211; <span id=\"result_box\" class=\"\" lang=\"fr\"><span class=\"\">Affiche pour votre logo \u00e0 diff\u00e9rentes tailles, dont une pas plus de 100 \u00d7 200 pixels pour aller sur le site<\/span><\/span><br \/>\n&#8211; <span id=\"result_box\" class=\"short_text\" lang=\"fr\"><span class=\"\">URL Web \u00e0 laquelle votre logo doit \u00eatre li\u00e9<\/span><\/span><\/li>\n<li><span id=\"result_box\" class=\"\" lang=\"fr\"><span class=\"\">Vous recevrez une facture d&#8217;Opensides, qui g\u00e8re l&#8217;argent de la conf\u00e9rence.<\/span> <span class=\"\">Cela comprendra les d\u00e9tails sur les virements bancaires, etc.<\/span><\/span><\/li>\n<li>Reglez la facture<\/li>\n<li><span id=\"result_box\" class=\"\" lang=\"fr\"><span class=\"\">Nous ajouterons votre logo au site Web de la conf\u00e9rence et vous enverrons des codes de r\u00e9servation pour r\u00e9clamer vos billets gratuits.<\/span><\/span><\/li>\n<\/ol>\n","protected":false},"excerpt":{"rendered":"<p>Devenez sponsor et montrez votre engagement envers le LDAP! Silver 600 euros + TVA Logo sur le site web (page des sponsors) Logo sur tous les supports de communication 1 tableau d&#8217;affichage pour affiches commerciales [&hellip;]<\/p>\n","protected":false},"author":3,"featured_media":0,"parent":0,"menu_order":0,"comment_status":"closed","ping_status":"closed","template":"","meta":{"footnotes":""},"class_list":["post-76","page","type-page","status-publish","hentry"],"translation":{"provider":"WPGlobus","version":"3.0.2","language":"fr","enabled_languages":["en","fr","it"],"languages":{"en":{"title":true,"content":true,"excerpt":false},"fr":{"title":true,"content":true,"excerpt":false},"it":{"title":true,"content":true,"excerpt":false}}},"_links":{"self":[{"href":"https:\/\/ldapcon.org\/2017\/fr\/wp-json\/wp\/v2\/pages\/76","targetHints":{"allow":["GET"]}}],"collection":[{"href":"https:\/\/ldapcon.org\/2017\/fr\/wp-json\/wp\/v2\/pages"}],"about":[{"href":"https:\/\/ldapcon.org\/2017\/fr\/wp-json\/wp\/v2\/types\/page"}],"author":[{"embeddable":true,"href":"https:\/\/ldapcon.org\/2017\/fr\/wp-json\/wp\/v2\/users\/3"}],"replies":[{"embeddable":true,"href":"https:\/\/ldapcon.org\/2017\/fr\/wp-json\/wp\/v2\/comments?post=76"}],"version-history":[{"count":12,"href":"https:\/\/ldapcon.org\/2017\/fr\/wp-json\/wp\/v2\/pages\/76\/revisions"}],"predecessor-version":[{"id":443,"href":"https:\/\/ldapcon.org\/2017\/fr\/wp-json\/wp\/v2\/pages\/76\/revisions\/443"}],"wp:attachment":[{"href":"https:\/\/ldapcon.org\/2017\/fr\/wp-json\/wp\/v2\/media?parent=76"}],"curies":[{"name":"wp","href":"https:\/\/api.w.org\/{rel}","templated":true}]}}