{"id":872,"date":"2017-08-10T10:51:31","date_gmt":"2017-08-10T08:51:31","guid":{"rendered":"https:\/\/ldapcon.org\/2017\/?page_id=872"},"modified":"2017-09-04T14:47:31","modified_gmt":"2017-09-04T12:47:31","slug":"prices-and-booking2","status":"publish","type":"page","link":"https:\/\/ldapcon.org\/2017\/fr\/prices-and-booking2\/","title":{"rendered":"Tarifs et r\u00e9servations"},"content":{"rendered":"<h2>Conf\u00e9rence<\/h2>\n<p>Inscription anticip\u00e9e <em>(r\u00e9servation avant le 25 ao\u00fbt\u00a0 2017)<\/em> : 200 \u20ac<\/p>\n<p>Plein tarif : 250\u00a0\u20ac<\/p>\n<p>Tarif \u00e9tudiants : 50 \u20ac (ce tarif n&#8217;inclut pas le d\u00eener de conf\u00e9rence du 19 octobre)<\/p>\n<p>Extra place at conference dinner: 70 \u20ac<\/p>\n<h2>\u00c0 quoi vous avez droit<\/h2>\n<ul>\n<li><span id=\"result_box\" class=\"\" lang=\"fr\"><span class=\"\">Acc\u00e8s \u00e0 toutes les sessions<br \/>\n<\/span><\/span><\/li>\n<li>Acc\u00e8s au WiFi<\/li>\n<li>Caf\u00e9, th\u00e9, d\u00e9jeuner<\/li>\n<li><span id=\"result_box\" class=\"\" lang=\"fr\"><span class=\"\">D\u00eener de conf\u00e9rence le jeudi 19 octobre (non inclus dans le tarif \u00e9tudiant)<\/span><\/span><\/li>\n<li><span id=\"result_box\" class=\"\" lang=\"fr\"><span class=\"\">Acc\u00e8s anticip\u00e9 aux documents papier et aux slides<br \/>\n<\/span><\/span><\/li>\n<\/ul>\n<h2>Comment r\u00e9server<\/h2>\n<p><a href=\"https:\/\/www.eventbrite.fr\/e\/ldapcon-2017-tickets-33245154151?ref=ebtn\" target=\"_blank\" rel=\"noopener\"><img decoding=\"async\" src=\"https:\/\/www.eventbrite.fr\/custombutton?eid=33245154151\" alt=\"Eventbrite - LDAPCon 2017\" \/><\/a><\/p>\n","protected":false},"excerpt":{"rendered":"<p>Conf\u00e9rence Inscription anticip\u00e9e (r\u00e9servation avant le 25 ao\u00fbt\u00a0 2017) : 200 \u20ac Plein tarif : 250\u00a0\u20ac Tarif \u00e9tudiants : 50 \u20ac (ce tarif n&#8217;inclut pas le d\u00eener de conf\u00e9rence du 19 octobre) Extra place at [&hellip;]<\/p>\n","protected":false},"author":2,"featured_media":0,"parent":0,"menu_order":0,"comment_status":"closed","ping_status":"closed","template":"","meta":{"footnotes":""},"class_list":["post-872","page","type-page","status-publish","hentry"],"translation":{"provider":"WPGlobus","version":"3.0.2","language":"fr","enabled_languages":["en","fr","it"],"languages":{"en":{"title":true,"content":true,"excerpt":false},"fr":{"title":true,"content":true,"excerpt":false},"it":{"title":true,"content":true,"excerpt":false}}},"_links":{"self":[{"href":"https:\/\/ldapcon.org\/2017\/fr\/wp-json\/wp\/v2\/pages\/872","targetHints":{"allow":["GET"]}}],"collection":[{"href":"https:\/\/ldapcon.org\/2017\/fr\/wp-json\/wp\/v2\/pages"}],"about":[{"href":"https:\/\/ldapcon.org\/2017\/fr\/wp-json\/wp\/v2\/types\/page"}],"author":[{"embeddable":true,"href":"https:\/\/ldapcon.org\/2017\/fr\/wp-json\/wp\/v2\/users\/2"}],"replies":[{"embeddable":true,"href":"https:\/\/ldapcon.org\/2017\/fr\/wp-json\/wp\/v2\/comments?post=872"}],"version-history":[{"count":5,"href":"https:\/\/ldapcon.org\/2017\/fr\/wp-json\/wp\/v2\/pages\/872\/revisions"}],"predecessor-version":[{"id":980,"href":"https:\/\/ldapcon.org\/2017\/fr\/wp-json\/wp\/v2\/pages\/872\/revisions\/980"}],"wp:attachment":[{"href":"https:\/\/ldapcon.org\/2017\/fr\/wp-json\/wp\/v2\/media?parent=872"}],"curies":[{"name":"wp","href":"https:\/\/api.w.org\/{rel}","templated":true}]}}